{"id":1265,"date":"2025-03-03T13:17:31","date_gmt":"2025-03-03T13:17:31","guid":{"rendered":"https:\/\/fernandostahl.edu.pe\/home\/?page_id=1265"},"modified":"2025-05-06T01:49:01","modified_gmt":"2025-05-06T01:49:01","slug":"general-direction","status":"publish","type":"page","link":"https:\/\/fernandostahl.edu.pe\/home\/general-direction","title":{"rendered":"General direction"},"content":{"rendered":"\t\t<div data-elementor-type=\"wp-page\" data-elementor-id=\"1265\" class=\"elementor elementor-1265\">\n\t\t\t\t<div class=\"elementor-element elementor-element-34e739a e-flex e-con-boxed e-con e-parent\" data-id=\"34e739a\" data-element_type=\"container\">\n\t\t\t\t\t<div class=\"e-con-inner\">\n\t\t<div class=\"elementor-element elementor-element-d3b3891 e-con-full e-flex e-con e-child\" data-id=\"d3b3891\" data-element_type=\"container\">\n\t\t\t\t<div class=\"elementor-element elementor-element-5f3e090 elementor-invisible elementor-widget elementor-widget-image\" data-id=\"5f3e090\" data-element_type=\"widget\" data-settings=\"{&quot;_animation&quot;:&quot;fadeInUp&quot;}\" data-widget_type=\"image.default\">\n\t\t\t\t<div class=\"elementor-widget-container\">\n\t\t\t\t\t\t\t\t\t\t\t\t\t\t\t<img fetchpriority=\"high\" decoding=\"async\" width=\"948\" height=\"1280\" src=\"https:\/\/fernandostahl.edu.pe\/home\/wp-content\/uploads\/2025\/03\/director-fernando.jpeg\" class=\"attachment-full size-full wp-image-2596\" alt=\"\" srcset=\"https:\/\/fernandostahl.edu.pe\/home\/wp-content\/uploads\/2025\/03\/director-fernando.jpeg 948w, https:\/\/fernandostahl.edu.pe\/home\/wp-content\/uploads\/2025\/03\/director-fernando-222x300.jpeg 222w, https:\/\/fernandostahl.edu.pe\/home\/wp-content\/uploads\/2025\/03\/director-fernando-758x1024.jpeg 758w, https:\/\/fernandostahl.edu.pe\/home\/wp-content\/uploads\/2025\/03\/director-fernando-768x1037.jpeg 768w\" sizes=\"(max-width: 948px) 100vw, 948px\" \/>\t\t\t\t\t\t\t\t\t\t\t\t\t\t\t<\/div>\n\t\t\t\t<\/div>\n\t\t\t\t<\/div>\n\t\t<div class=\"elementor-element elementor-element-fd5a1d5 e-con-full e-flex e-con e-child\" data-id=\"fd5a1d5\" data-element_type=\"container\">\n\t\t\t\t<div class=\"elementor-element elementor-element-564d053 elementor-invisible elementor-widget elementor-widget-heading\" data-id=\"564d053\" data-element_type=\"widget\" data-settings=\"{&quot;_animation&quot;:&quot;fadeInUp&quot;}\" data-widget_type=\"heading.default\">\n\t\t\t\t<div class=\"elementor-widget-container\">\n\t\t\t\t\t<h2 class=\"elementor-heading-title elementor-size-default\">Mensaje del \nDirector<\/h2>\t\t\t\t<\/div>\n\t\t\t\t<\/div>\n\t\t\t\t<div class=\"elementor-element elementor-element-0f1afd4 elementor-invisible elementor-widget elementor-widget-text-editor\" data-id=\"0f1afd4\" data-element_type=\"widget\" data-settings=\"{&quot;_animation&quot;:&quot;fadeInUp&quot;}\" data-widget_type=\"text-editor.default\">\n\t\t\t\t<div class=\"elementor-widget-container\">\n\t\t\t\t\t\t\t\t\t<p><strong>Querida familia educativa, estimados padres y amados estudiantes:<\/strong><\/p><p>Es para m\u00ed un privilegio dirigirme a ustedes como parte de esta gran comunidad que conforma la <strong>Instituci\u00f3n Educativa Adventista Fernando Stahl<\/strong>. Aqu\u00ed, creemos que <strong>la educaci\u00f3n verdadera va m\u00e1s all\u00e1 de las aulas<\/strong>; es la que <strong>toca el coraz\u00f3n, transforma el car\u00e1cter y prepara para la vida y la eternidad<\/strong>.<\/p><p>En un mundo donde a menudo se pierde el valor del respeto y la compasi\u00f3n, nuestra misi\u00f3n es clara: <strong>formar no solo mentes brillantes, sino tambi\u00e9n corazones nobles<\/strong>, guiados por los principios que Jes\u00fas nos dej\u00f3. Educamos con amor, ense\u00f1ando que <strong>el conocimiento solo alcanza su verdadero prop\u00f3sito cuando va acompa\u00f1ado de valores como la honestidad, la empat\u00eda, el servicio y, sobre todo, el respeto hacia cada persona<\/strong>.<\/p><p><strong>Respetar al otro es reconocer en \u00e9l la imagen de Dios.<\/strong> En cada aula, en cada recreo, en cada actividad, buscamos que nuestros estudiantes <strong>aprendan a convivir, a escucharse, a valorar las diferencias y a construir juntos una sociedad mejor<\/strong>. Porque el <strong>verdadero \u00e9xito no se mide solo por los logros acad\u00e9micos, sino por la capacidad de amar, de perdonar y de tender la mano al que m\u00e1s lo necesita<\/strong>.<\/p><p>Queridos padres, gracias por confiar en esta casa de formaci\u00f3n y esperanza. <strong>Sigamos juntos sembrando en nuestros ni\u00f1os y j\u00f3venes el amor por Dios, el amor por el pr\u00f3jimo y el deseo de ser luz en este mundo.<\/strong><\/p><p><strong>Que Dios gu\u00ede cada paso de nuestra familia educativa.<\/strong><\/p><p><strong>Con gratitud y compromiso,<\/strong><\/p><p><strong>Dr\u00a9 Walter Chambi <\/strong><\/p><p><strong>Director General<\/strong><\/p>\t\t\t\t\t\t\t\t<\/div>\n\t\t\t\t<\/div>\n\t\t\t\t<\/div>\n\t\t\t\t\t<\/div>\n\t\t\t\t<\/div>\n\t\t\t\t<\/div>\n\t\t","protected":false},"excerpt":{"rendered":"<p>Mensaje del Director Querida familia educativa, estimados padres y amados estudiantes: Es para m\u00ed un privilegio dirigirme a ustedes como [&hellip;]<\/p>\n","protected":false},"author":1,"featured_media":0,"parent":0,"menu_order":0,"comment_status":"closed","ping_status":"closed","template":"","meta":{"inline_featured_image":false,"site-sidebar-layout":"no-sidebar","site-content-layout":"","ast-site-content-layout":"full-width-container","site-content-style":"default","site-sidebar-style":"default","ast-global-header-display":"","ast-banner-title-visibility":"","ast-main-header-display":"","ast-hfb-above-header-display":"","ast-hfb-below-header-display":"","ast-hfb-mobile-header-display":"","site-post-title":"disabled","ast-breadcrumbs-content":"","ast-featured-img":"disabled","footer-sml-layout":"","theme-transparent-header-meta":"","adv-header-id-meta":"","stick-header-meta":"","header-above-stick-meta":"","header-main-stick-meta":"","header-below-stick-meta":"","astra-migrate-meta-layouts":"default","ast-page-background-enabled":"default","ast-page-background-meta":{"desktop":{"background-color":"var(--ast-global-color-5)","background-image":"","background-repeat":"repeat","background-position":"center center","background-size":"auto","background-attachment":"scroll","background-type":"","background-media":"","overlay-type":"","overlay-color":"","overlay-opacity":"","overlay-gradient":""},"tablet":{"background-color":"","background-image":"","background-repeat":"repeat","background-position":"center center","background-size":"auto","background-attachment":"scroll","background-type":"","background-media":"","overlay-type":"","overlay-color":"","overlay-opacity":"","overlay-gradient":""},"mobile":{"background-color":"","background-image":"","background-repeat":"repeat","background-position":"center center","background-size":"auto","background-attachment":"scroll","background-type":"","background-media":"","overlay-type":"","overlay-color":"","overlay-opacity":"","overlay-gradient":""}},"ast-content-background-meta":{"desktop":{"background-color":"var(--ast-global-color-4)","background-image":"","background-repeat":"repeat","background-position":"center center","background-size":"auto","background-attachment":"scroll","background-type":"","background-media":"","overlay-type":"","overlay-color":"","overlay-opacity":"","overlay-gradient":""},"tablet":{"background-color":"var(--ast-global-color-4)","background-image":"","background-repeat":"repeat","background-position":"center center","background-size":"auto","background-attachment":"scroll","background-type":"","background-media":"","overlay-type":"","overlay-color":"","overlay-opacity":"","overlay-gradient":""},"mobile":{"background-color":"var(--ast-global-color-4)","background-image":"","background-repeat":"repeat","background-position":"center center","background-size":"auto","background-attachment":"scroll","background-type":"","background-media":"","overlay-type":"","overlay-color":"","overlay-opacity":"","overlay-gradient":""}},"footnotes":""},"class_list":["post-1265","page","type-page","status-publish","hentry"],"_links":{"self":[{"href":"https:\/\/fernandostahl.edu.pe\/home\/wp-json\/wp\/v2\/pages\/1265","targetHints":{"allow":["GET"]}}],"collection":[{"href":"https:\/\/fernandostahl.edu.pe\/home\/wp-json\/wp\/v2\/pages"}],"about":[{"href":"https:\/\/fernandostahl.edu.pe\/home\/wp-json\/wp\/v2\/types\/page"}],"author":[{"embeddable":true,"href":"https:\/\/fernandostahl.edu.pe\/home\/wp-json\/wp\/v2\/users\/1"}],"replies":[{"embeddable":true,"href":"https:\/\/fernandostahl.edu.pe\/home\/wp-json\/wp\/v2\/comments?post=1265"}],"version-history":[{"count":13,"href":"https:\/\/fernandostahl.edu.pe\/home\/wp-json\/wp\/v2\/pages\/1265\/revisions"}],"predecessor-version":[{"id":2760,"href":"https:\/\/fernandostahl.edu.pe\/home\/wp-json\/wp\/v2\/pages\/1265\/revisions\/2760"}],"wp:attachment":[{"href":"https:\/\/fernandostahl.edu.pe\/home\/wp-json\/wp\/v2\/media?parent=1265"}],"curies":[{"name":"wp","href":"https:\/\/api.w.org\/{rel}","templated":true}]}}