{"id":160,"date":"2025-01-21T15:27:51","date_gmt":"2025-01-21T15:27:51","guid":{"rendered":"https:\/\/fernandostahl.edu.pe\/home\/?page_id=160"},"modified":"2025-03-02T19:07:59","modified_gmt":"2025-03-02T19:07:59","slug":"about-us","status":"publish","type":"page","link":"https:\/\/fernandostahl.edu.pe\/home\/about-us","title":{"rendered":"About Us"},"content":{"rendered":"\t\t<div data-elementor-type=\"wp-page\" data-elementor-id=\"160\" class=\"elementor elementor-160\">\n\t\t\t\t<div class=\"elementor-element elementor-element-6c78737 e-flex e-con-boxed e-con e-parent\" data-id=\"6c78737\" data-element_type=\"container\">\n\t\t\t\t\t<div class=\"e-con-inner\">\n\t\t<div class=\"elementor-element elementor-element-227cdbc e-con-full e-flex e-con e-child\" data-id=\"227cdbc\" data-element_type=\"container\">\n\t\t\t\t<div class=\"elementor-element elementor-element-b56365a elementor-invisible elementor-widget elementor-widget-heading\" data-id=\"b56365a\" data-element_type=\"widget\" data-settings=\"{&quot;_animation&quot;:&quot;fadeInUp&quot;}\" data-widget_type=\"heading.default\">\n\t\t\t\t<div class=\"elementor-widget-container\">\n\t\t\t\t\t<h2 class=\"elementor-heading-title elementor-size-default\">Nosotros<\/h2>\t\t\t\t<\/div>\n\t\t\t\t<\/div>\n\t\t\t\t<div class=\"elementor-element elementor-element-28e4bbf elementor-invisible elementor-widget elementor-widget-text-editor\" data-id=\"28e4bbf\" data-element_type=\"widget\" data-settings=\"{&quot;_animation&quot;:&quot;fadeInUp&quot;}\" data-widget_type=\"text-editor.default\">\n\t\t\t\t<div class=\"elementor-widget-container\">\n\t\t\t\t\t\t\t\t\t<p>Somos la Instituci\u00f3n Educativa Adventista \u201cFernando Stahl\u201d, ubicada en un amplio local propio en la zona sur de Juliaca, provincia de San Rom\u00e1n, regi\u00f3n Puno. Brindamos educaci\u00f3n en los tres niveles con ambientes acorde a los est\u00e1ndares del Ministerio de Educaci\u00f3n, incluyendo talleres especializados en \u00e1reas como Comunicaci\u00f3n, Matem\u00e1tica, Ciencias, Ingl\u00e9s, M\u00fasica y Computaci\u00f3n. Contamos con una villa deportiva para actividades f\u00edsicas, asegurando calidad y comodidad en el aprendizaje integral de nuestros estudiantes seg\u00fan el Curr\u00edculo Nacional.<\/p><p><br><\/p><p>Nuestros alumnos, en su mayor\u00eda de familias profesionales y comerciantes, hablan castellano respetando el quechua y aimara, promoviendo pr\u00e1cticas interculturales e inclusivas durante el a\u00f1o lectivo.<\/p>\t\t\t\t\t\t\t\t<\/div>\n\t\t\t\t<\/div>\n\t\t\t\t<\/div>\n\t\t<div class=\"elementor-element elementor-element-999eb1a e-con-full e-flex e-con e-child\" data-id=\"999eb1a\" data-element_type=\"container\">\n\t\t\t\t<div class=\"elementor-element elementor-element-be5e130 elementor-invisible elementor-widget elementor-widget-image\" data-id=\"be5e130\" data-element_type=\"widget\" data-settings=\"{&quot;_animation&quot;:&quot;fadeInUp&quot;}\" data-widget_type=\"image.default\">\n\t\t\t\t<div class=\"elementor-widget-container\">\n\t\t\t\t\t\t\t\t\t\t\t\t\t\t\t<img fetchpriority=\"high\" decoding=\"async\" width=\"711\" height=\"351\" src=\"https:\/\/fernandostahl.edu.pe\/home\/wp-content\/uploads\/2025\/03\/Fernando-y-Ana-Stahl2.png\" class=\"attachment-full size-full wp-image-852\" alt=\"\" srcset=\"https:\/\/fernandostahl.edu.pe\/home\/wp-content\/uploads\/2025\/03\/Fernando-y-Ana-Stahl2.png 711w, https:\/\/fernandostahl.edu.pe\/home\/wp-content\/uploads\/2025\/03\/Fernando-y-Ana-Stahl2-300x148.png 300w\" sizes=\"(max-width: 711px) 100vw, 711px\" \/>\t\t\t\t\t\t\t\t\t\t\t\t\t\t\t<\/div>\n\t\t\t\t<\/div>\n\t\t\t\t<\/div>\n\t\t\t\t\t<\/div>\n\t\t\t\t<\/div>\n\t\t<div class=\"elementor-element elementor-element-48504a0 e-flex e-con-boxed e-con e-parent\" data-id=\"48504a0\" data-element_type=\"container\" data-settings=\"{&quot;background_background&quot;:&quot;classic&quot;}\">\n\t\t\t\t\t<div class=\"e-con-inner\">\n\t\t<div class=\"elementor-element elementor-element-743c104 e-con-full e-flex elementor-invisible e-con e-child\" data-id=\"743c104\" data-element_type=\"container\" data-settings=\"{&quot;background_background&quot;:&quot;classic&quot;,&quot;animation&quot;:&quot;fadeInLeft&quot;}\">\n\t\t\t\t<div class=\"elementor-element elementor-element-d6f80c8 elementor-widget elementor-widget-heading\" data-id=\"d6f80c8\" data-element_type=\"widget\" data-widget_type=\"heading.default\">\n\t\t\t\t<div class=\"elementor-widget-container\">\n\t\t\t\t\t<h2 class=\"elementor-heading-title elementor-size-default\">Misi\u00f3n<\/h2>\t\t\t\t<\/div>\n\t\t\t\t<\/div>\n\t\t\t\t<div class=\"elementor-element elementor-element-01d95bd elementor-widget elementor-widget-text-editor\" data-id=\"01d95bd\" data-element_type=\"widget\" data-widget_type=\"text-editor.default\">\n\t\t\t\t<div class=\"elementor-widget-container\">\n\t\t\t\t\t\t\t\t\t<p>Formar estudiantes desarrollando capacidades en forma \u00edntegra y equilibrada con docentes y estudiantes innovadores, y participaci\u00f3n activa de padres en un ambiente agradable y feliz para lograr aprendizajes que sirvan en la vida.<\/p>\t\t\t\t\t\t\t\t<\/div>\n\t\t\t\t<\/div>\n\t\t\t\t<\/div>\n\t\t<div class=\"elementor-element elementor-element-3bee620 e-con-full e-flex elementor-invisible e-con e-child\" data-id=\"3bee620\" data-element_type=\"container\" data-settings=\"{&quot;background_background&quot;:&quot;classic&quot;,&quot;animation&quot;:&quot;fadeInLeft&quot;}\">\n\t\t\t\t<div class=\"elementor-element elementor-element-0b4571a elementor-widget elementor-widget-heading\" data-id=\"0b4571a\" data-element_type=\"widget\" data-widget_type=\"heading.default\">\n\t\t\t\t<div class=\"elementor-widget-container\">\n\t\t\t\t\t<h2 class=\"elementor-heading-title elementor-size-default\">Visi\u00f3n<\/h2>\t\t\t\t<\/div>\n\t\t\t\t<\/div>\n\t\t\t\t<div class=\"elementor-element elementor-element-0432494 elementor-widget elementor-widget-text-editor\" data-id=\"0432494\" data-element_type=\"widget\" data-widget_type=\"text-editor.default\">\n\t\t\t\t<div class=\"elementor-widget-container\">\n\t\t\t\t\t\t\t\t\t<p>Ser una instituci\u00f3n educativa l\u00edder y acreditada con servicios de calidad educativa fundamentados en principios b\u00edblicos cristianos.<\/p>\t\t\t\t\t\t\t\t<\/div>\n\t\t\t\t<\/div>\n\t\t\t\t<\/div>\n\t\t\t\t\t<\/div>\n\t\t\t\t<\/div>\n\t\t<div class=\"elementor-element elementor-element-80a8bbc e-flex e-con-boxed e-con e-parent\" data-id=\"80a8bbc\" data-element_type=\"container\">\n\t\t\t\t\t<div class=\"e-con-inner\">\n\t\t\t\t<div class=\"elementor-element elementor-element-3c32d6e elementor-invisible elementor-widget elementor-widget-heading\" data-id=\"3c32d6e\" data-element_type=\"widget\" data-settings=\"{&quot;_animation&quot;:&quot;fadeInUp&quot;}\" data-widget_type=\"heading.default\">\n\t\t\t\t<div class=\"elementor-widget-container\">\n\t\t\t\t\t<h2 class=\"elementor-heading-title elementor-size-default\">Valores<\/h2>\t\t\t\t<\/div>\n\t\t\t\t<\/div>\n\t\t\t\t\t<\/div>\n\t\t\t\t<\/div>\n\t\t<div class=\"elementor-element elementor-element-c6c274b e-flex e-con-boxed e-con e-parent\" data-id=\"c6c274b\" data-element_type=\"container\">\n\t\t\t\t\t<div class=\"e-con-inner\">\n\t\t<div class=\"elementor-element elementor-element-89f235e e-con-full e-flex elementor-invisible e-con e-child\" data-id=\"89f235e\" data-element_type=\"container\" data-settings=\"{&quot;background_background&quot;:&quot;classic&quot;,&quot;animation&quot;:&quot;fadeInUp&quot;}\">\n\t\t\t\t<div class=\"elementor-element elementor-element-b388b88 elementor-widget elementor-widget-heading\" data-id=\"b388b88\" data-element_type=\"widget\" data-widget_type=\"heading.default\">\n\t\t\t\t<div class=\"elementor-widget-container\">\n\t\t\t\t\t<h2 class=\"elementor-heading-title elementor-size-default\">Educaci\u00f3n Integral<\/h2>\t\t\t\t<\/div>\n\t\t\t\t<\/div>\n\t\t\t\t<div class=\"elementor-element elementor-element-65d4c8b elementor-widget elementor-widget-text-editor\" data-id=\"65d4c8b\" data-element_type=\"widget\" data-widget_type=\"text-editor.default\">\n\t\t\t\t<div class=\"elementor-widget-container\">\n\t\t\t\t\t\t\t\t\t<p>Se busca desarrollar al estudiante en todas las dimensiones: intelectual, f\u00edsica, social y espiritual, fomentando un aprendizaje hol\u00edstico que prepare para la vida y el servicio a los dem\u00e1s.<\/p>\t\t\t\t\t\t\t\t<\/div>\n\t\t\t\t<\/div>\n\t\t\t\t<\/div>\n\t\t<div class=\"elementor-element elementor-element-59dd3a4 e-con-full e-flex elementor-invisible e-con e-child\" data-id=\"59dd3a4\" data-element_type=\"container\" data-settings=\"{&quot;background_background&quot;:&quot;classic&quot;,&quot;animation&quot;:&quot;fadeInUp&quot;}\">\n\t\t\t\t<div class=\"elementor-element elementor-element-0b172b8 elementor-widget elementor-widget-heading\" data-id=\"0b172b8\" data-element_type=\"widget\" data-widget_type=\"heading.default\">\n\t\t\t\t<div class=\"elementor-widget-container\">\n\t\t\t\t\t<h2 class=\"elementor-heading-title elementor-size-default\">Principios Cristianos<\/h2>\t\t\t\t<\/div>\n\t\t\t\t<\/div>\n\t\t\t\t<div class=\"elementor-element elementor-element-6290678 elementor-widget elementor-widget-text-editor\" data-id=\"6290678\" data-element_type=\"widget\" data-widget_type=\"text-editor.default\">\n\t\t\t\t<div class=\"elementor-widget-container\">\n\t\t\t\t\t\t\t\t\t<p>Promover valores como amor, respeto, honestidad y solidaridad en todas las actividades acad\u00e9micas y extracurriculares, basados en ense\u00f1anzas b\u00edblicas y el ejemplo de Cristo.<\/p>\t\t\t\t\t\t\t\t<\/div>\n\t\t\t\t<\/div>\n\t\t\t\t<\/div>\n\t\t<div class=\"elementor-element elementor-element-bda8b28 e-con-full e-flex elementor-invisible e-con e-child\" data-id=\"bda8b28\" data-element_type=\"container\" data-settings=\"{&quot;background_background&quot;:&quot;classic&quot;,&quot;animation&quot;:&quot;fadeInUp&quot;}\">\n\t\t\t\t<div class=\"elementor-element elementor-element-0c9d6fe elementor-widget elementor-widget-heading\" data-id=\"0c9d6fe\" data-element_type=\"widget\" data-widget_type=\"heading.default\">\n\t\t\t\t<div class=\"elementor-widget-container\">\n\t\t\t\t\t<h2 class=\"elementor-heading-title elementor-size-default\">Servicio Comunitario<\/h2>\t\t\t\t<\/div>\n\t\t\t\t<\/div>\n\t\t\t\t<div class=\"elementor-element elementor-element-01ff716 elementor-widget elementor-widget-text-editor\" data-id=\"01ff716\" data-element_type=\"widget\" data-widget_type=\"text-editor.default\">\n\t\t\t\t<div class=\"elementor-widget-container\">\n\t\t\t\t\t\t\t\t\t<p>Fomentar un esp\u00edritu de servicio y compromiso social, inculcando en los estudiantes la importancia de ayudar al pr\u00f3jimo y contribuir al bienestar de la comunidad.<\/p>\t\t\t\t\t\t\t\t<\/div>\n\t\t\t\t<\/div>\n\t\t\t\t<\/div>\n\t\t\t\t\t<\/div>\n\t\t\t\t<\/div>\n\t\t\t\t<\/div>\n\t\t","protected":false},"excerpt":{"rendered":"<p>Nosotros Somos la Instituci\u00f3n Educativa Adventista \u201cFernando Stahl\u201d, ubicada en un amplio local propio en la zona sur de Juliaca, [&hellip;]<\/p>\n","protected":false},"author":1,"featured_media":0,"parent":0,"menu_order":0,"comment_status":"closed","ping_status":"closed","template":"elementor_header_footer","meta":{"inline_featured_image":false,"site-sidebar-layout":"no-sidebar","site-content-layout":"","ast-site-content-layout":"full-width-container","site-content-style":"default","site-sidebar-style":"default","ast-global-header-display":"","ast-banner-title-visibility":"","ast-main-header-display":"","ast-hfb-above-header-display":"","ast-hfb-below-header-display":"","ast-hfb-mobile-header-display":"","site-post-title":"disabled","ast-breadcrumbs-content":"","ast-featured-img":"disabled","footer-sml-layout":"","theme-transparent-header-meta":"","adv-header-id-meta":"","stick-header-meta":"","header-above-stick-meta":"","header-main-stick-meta":"","header-below-stick-meta":"","astra-migrate-meta-layouts":"default","ast-page-background-enabled":"default","ast-page-background-meta":{"desktop":{"background-color":"var(--ast-global-color-5)","background-image":"","background-repeat":"repeat","background-position":"center center","background-size":"auto","background-attachment":"scroll","background-type":"","background-media":"","overlay-type":"","overlay-color":"","overlay-opacity":"","overlay-gradient":""},"tablet":{"background-color":"","background-image":"","background-repeat":"repeat","background-position":"center center","background-size":"auto","background-attachment":"scroll","background-type":"","background-media":"","overlay-type":"","overlay-color":"","overlay-opacity":"","overlay-gradient":""},"mobile":{"background-color":"","background-image":"","background-repeat":"repeat","background-position":"center center","background-size":"auto","background-attachment":"scroll","background-type":"","background-media":"","overlay-type":"","overlay-color":"","overlay-opacity":"","overlay-gradient":""}},"ast-content-background-meta":{"desktop":{"background-color":"var(--ast-global-color-4)","background-image":"","background-repeat":"repeat","background-position":"center center","background-size":"auto","background-attachment":"scroll","background-type":"","background-media":"","overlay-type":"","overlay-color":"","overlay-opacity":"","overlay-gradient":""},"tablet":{"background-color":"var(--ast-global-color-4)","background-image":"","background-repeat":"repeat","background-position":"center center","background-size":"auto","background-attachment":"scroll","background-type":"","background-media":"","overlay-type":"","overlay-color":"","overlay-opacity":"","overlay-gradient":""},"mobile":{"background-color":"var(--ast-global-color-4)","background-image":"","background-repeat":"repeat","background-position":"center center","background-size":"auto","background-attachment":"scroll","background-type":"","background-media":"","overlay-type":"","overlay-color":"","overlay-opacity":"","overlay-gradient":""}},"footnotes":""},"class_list":["post-160","page","type-page","status-publish","hentry"],"_links":{"self":[{"href":"https:\/\/fernandostahl.edu.pe\/home\/wp-json\/wp\/v2\/pages\/160","targetHints":{"allow":["GET"]}}],"collection":[{"href":"https:\/\/fernandostahl.edu.pe\/home\/wp-json\/wp\/v2\/pages"}],"about":[{"href":"https:\/\/fernandostahl.edu.pe\/home\/wp-json\/wp\/v2\/types\/page"}],"author":[{"embeddable":true,"href":"https:\/\/fernandostahl.edu.pe\/home\/wp-json\/wp\/v2\/users\/1"}],"replies":[{"embeddable":true,"href":"https:\/\/fernandostahl.edu.pe\/home\/wp-json\/wp\/v2\/comments?post=160"}],"version-history":[{"count":134,"href":"https:\/\/fernandostahl.edu.pe\/home\/wp-json\/wp\/v2\/pages\/160\/revisions"}],"predecessor-version":[{"id":2611,"href":"https:\/\/fernandostahl.edu.pe\/home\/wp-json\/wp\/v2\/pages\/160\/revisions\/2611"}],"wp:attachment":[{"href":"https:\/\/fernandostahl.edu.pe\/home\/wp-json\/wp\/v2\/media?parent=160"}],"curies":[{"name":"wp","href":"https:\/\/api.w.org\/{rel}","templated":true}]}}