{"id":847,"date":"2025-03-02T13:24:38","date_gmt":"2025-03-02T13:24:38","guid":{"rendered":"https:\/\/fernandostahl.edu.pe\/home\/?page_id=847"},"modified":"2025-03-07T21:04:14","modified_gmt":"2025-03-07T21:04:14","slug":"welcome","status":"publish","type":"page","link":"https:\/\/fernandostahl.edu.pe\/home\/welcome","title":{"rendered":"Welcome"},"content":{"rendered":"\t\t<div data-elementor-type=\"wp-page\" data-elementor-id=\"847\" class=\"elementor elementor-847\">\n\t\t\t\t<div class=\"elementor-element elementor-element-c183047 e-flex e-con-boxed e-con e-parent\" data-id=\"c183047\" data-element_type=\"container\">\n\t\t\t\t\t<div class=\"e-con-inner\">\n\t\t<div class=\"elementor-element elementor-element-fa9f3b0 e-con-full e-flex e-con e-child\" data-id=\"fa9f3b0\" data-element_type=\"container\">\n\t\t\t\t<div class=\"elementor-element elementor-element-9e72ff4 elementor-invisible elementor-widget elementor-widget-heading\" data-id=\"9e72ff4\" data-element_type=\"widget\" data-settings=\"{&quot;_animation&quot;:&quot;fadeInUp&quot;}\" data-widget_type=\"heading.default\">\n\t\t\t\t<div class=\"elementor-widget-container\">\n\t\t\t\t\t<h2 class=\"elementor-heading-title elementor-size-default\">Nuestra propuesta \/ Nuestra Filosof\u00eda<\/h2>\t\t\t\t<\/div>\n\t\t\t\t<\/div>\n\t\t\t\t<div class=\"elementor-element elementor-element-4cd4705 elementor-widget__width-initial elementor-invisible elementor-widget elementor-widget-text-editor\" data-id=\"4cd4705\" data-element_type=\"widget\" data-settings=\"{&quot;_animation&quot;:&quot;fadeInUp&quot;}\" data-widget_type=\"text-editor.default\">\n\t\t\t\t<div class=\"elementor-widget-container\">\n\t\t\t\t\t\t\t\t\t<p>\u00a0<\/p><p><strong><em>Apreciados miembros de la Comunidad Educativa<\/em><\/strong><\/p><p><strong><em>\u00a0<\/em><\/strong><\/p><p><strong><em>Queridos amigos, padres y estudiantes:<\/em><\/strong><\/p><p>FERNANDO STAHL dejando sus comodidades en EE.UU. vino al Per\u00fa y se estableci\u00f3 en Plater\u00eda \u2013 Puno con el \u00fanico objetivo de ayudar a los habitantes del departamento a salir de la postraci\u00f3n, la ignorancia y dejar los vicios en la que estaban inmersos haciendo conocer a nuestro se\u00f1or Jesucristo como nuestro creador y redentor.<\/p><p>Nuestra Instituci\u00f3n Adventista de Educaci\u00f3n Inicial, Primaria y Secundaria se digna en retomar el nombre del insigne misionero que fue pionero de la cultura ind\u00edgena y conocido como ap\u00f3stol de la liberaci\u00f3n espiritual social y educativa de los ind\u00edgenas aymaras del altiplano.<\/p><p>Teniendo una visi\u00f3n de superaci\u00f3n continua e integral del ser humano nos hemos propuesto educar ni\u00f1os y j\u00f3venes con amor y excelencia formando mentes brillantes, corazones nobles y con esp\u00edritu emprendedor, comprometidos con Dios y al servicio de la sociedad, bajo los siguientes pilares:<\/p><ul><li><strong>Excelencia Intelectual:<\/strong> Formamos estudiantes que no solo adquieran conocimientos, sino que aprendan a pensar con sabidur\u00eda y vivir con los valores inculcados dentro de la sociedad local, regional, nacional e internacional. (<em>Provervios 4:7).<\/em><\/li><\/ul>\t\t\t\t\t\t\t\t<\/div>\n\t\t\t\t<\/div>\n\t\t\t\t<\/div>\n\t\t<div class=\"elementor-element elementor-element-456ce52 e-con-full e-flex e-con e-child\" data-id=\"456ce52\" data-element_type=\"container\">\n\t\t\t\t<div class=\"elementor-element elementor-element-466d249 elementor-invisible elementor-widget elementor-widget-image\" data-id=\"466d249\" data-element_type=\"widget\" data-settings=\"{&quot;_animation&quot;:&quot;fadeInUp&quot;}\" data-widget_type=\"image.default\">\n\t\t\t\t<div class=\"elementor-widget-container\">\n\t\t\t\t\t\t\t\t\t\t\t\t\t\t\t<img fetchpriority=\"high\" decoding=\"async\" width=\"960\" height=\"1280\" src=\"https:\/\/fernandostahl.edu.pe\/home\/wp-content\/uploads\/2025\/03\/fundador-fernandos.jpeg\" class=\"attachment-full size-full wp-image-2600\" alt=\"\" srcset=\"https:\/\/fernandostahl.edu.pe\/home\/wp-content\/uploads\/2025\/03\/fundador-fernandos.jpeg 960w, https:\/\/fernandostahl.edu.pe\/home\/wp-content\/uploads\/2025\/03\/fundador-fernandos-225x300.jpeg 225w, https:\/\/fernandostahl.edu.pe\/home\/wp-content\/uploads\/2025\/03\/fundador-fernandos-768x1024.jpeg 768w\" sizes=\"(max-width: 960px) 100vw, 960px\" \/>\t\t\t\t\t\t\t\t\t\t\t\t\t\t\t<\/div>\n\t\t\t\t<\/div>\n\t\t\t\t<\/div>\n\t\t\t\t\t<\/div>\n\t\t\t\t<\/div>\n\t\t<div class=\"elementor-element elementor-element-5e31b52 e-flex e-con-boxed e-con e-parent\" data-id=\"5e31b52\" data-element_type=\"container\">\n\t\t\t\t\t<div class=\"e-con-inner\">\n\t\t<div class=\"elementor-element elementor-element-2b94675 e-con-full e-flex e-con e-child\" data-id=\"2b94675\" data-element_type=\"container\">\n\t\t\t\t<div class=\"elementor-element elementor-element-47693b1 elementor-invisible elementor-widget elementor-widget-text-editor\" data-id=\"47693b1\" data-element_type=\"widget\" data-settings=\"{&quot;_animation&quot;:&quot;fadeInUp&quot;}\" data-widget_type=\"text-editor.default\">\n\t\t\t\t<div class=\"elementor-widget-container\">\n\t\t\t\t\t\t\t\t\t<ul><li><strong>Bienestar F\u00edsico-emocional<\/strong>: Inculcamos cuidar el cuerpo con alimentaci\u00f3n saludable, ejercicios f\u00edsicos, siendo educados y valorando la naturaleza de este mundo lleno de incertidumbre, corrupci\u00f3n y maldad. (<em>3ra San Juan 1:2).<\/em><\/li><li><strong>Formaci\u00f3n Social:<\/strong> Promovemos el liderazgo, la solidaridad a trav\u00e9s del servicio, ense\u00f1ando que la grandeza est\u00e1 en ayudar a los dem\u00e1s en lo material, moral y reforzando lo espiritual dentro de la sociedad donde nos toca vivir. (<em>Mateo 20:28<\/em>)<\/li><li><strong>Formaci\u00f3n Espiritual: <\/strong>La educaci\u00f3n de un(a) Stahlino(a) debe ser \u00edntegro, inculcamos que nuestro se\u00f1or Jesucristo es el centro de nuestra vida estudiantil, y Dios mediante alcanzaremos el \u00e9xito esperado.<\/li><\/ul><p>Adem\u00e1s, tenemos un compromiso especial con los estudiantes de escasos recursos econ\u00f3micos, con ni\u00f1os y j\u00f3venes hu\u00e9rfanos porque creemos que todos merecen una educaci\u00f3n de calidad y un futuro de esperanza.<\/p><p>Apreciados amigos y padres, la Instituci\u00f3n Educativa Adventista \u201cFernando Stahl\u201d de Juliaca no es solo una ESCUELA, si no un HOGAR donde el conocimiento, el amor y la f\u00e9 se utilizan para formar l\u00edderes con prop\u00f3sito eterno.<\/p><p><em>\u00a1Preparemos juntos a nuestros hijos para brillar hoy y por la eternidad!<\/em><\/p><p><em>\u00a0<\/em><\/p><p>Lic. Ricardo Ricardi Mamani F.<\/p><p>PRESIDENTE DEL CONSEJO DIRECTIVO<\/p>\t\t\t\t\t\t\t\t<\/div>\n\t\t\t\t<\/div>\n\t\t\t\t<\/div>\n\t\t\t\t\t<\/div>\n\t\t\t\t<\/div>\n\t\t\t\t<\/div>\n\t\t","protected":false},"excerpt":{"rendered":"<p>Nuestra propuesta \/ Nuestra Filosof\u00eda \u00a0 Apreciados miembros de la Comunidad Educativa \u00a0 Queridos amigos, padres y estudiantes: FERNANDO STAHL [&hellip;]<\/p>\n","protected":false},"author":1,"featured_media":0,"parent":0,"menu_order":0,"comment_status":"closed","ping_status":"closed","template":"","meta":{"inline_featured_image":false,"site-sidebar-layout":"no-sidebar","site-content-layout":"","ast-site-content-layout":"full-width-container","site-content-style":"default","site-sidebar-style":"default","ast-global-header-display":"","ast-banner-title-visibility":"","ast-main-header-display":"","ast-hfb-above-header-display":"","ast-hfb-below-header-display":"","ast-hfb-mobile-header-display":"","site-post-title":"disabled","ast-breadcrumbs-content":"","ast-featured-img":"disabled","footer-sml-layout":"","theme-transparent-header-meta":"","adv-header-id-meta":"","stick-header-meta":"","header-above-stick-meta":"","header-main-stick-meta":"","header-below-stick-meta":"","astra-migrate-meta-layouts":"default","ast-page-background-enabled":"default","ast-page-background-meta":{"desktop":{"background-color":"var(--ast-global-color-5)","background-image":"","background-repeat":"repeat","background-position":"center center","background-size":"auto","background-attachment":"scroll","background-type":"","background-media":"","overlay-type":"","overlay-color":"","overlay-opacity":"","overlay-gradient":""},"tablet":{"background-color":"","background-image":"","background-repeat":"repeat","background-position":"center center","background-size":"auto","background-attachment":"scroll","background-type":"","background-media":"","overlay-type":"","overlay-color":"","overlay-opacity":"","overlay-gradient":""},"mobile":{"background-color":"","background-image":"","background-repeat":"repeat","background-position":"center center","background-size":"auto","background-attachment":"scroll","background-type":"","background-media":"","overlay-type":"","overlay-color":"","overlay-opacity":"","overlay-gradient":""}},"ast-content-background-meta":{"desktop":{"background-color":"var(--ast-global-color-4)","background-image":"","background-repeat":"repeat","background-position":"center center","background-size":"auto","background-attachment":"scroll","background-type":"","background-media":"","overlay-type":"","overlay-color":"","overlay-opacity":"","overlay-gradient":""},"tablet":{"background-color":"var(--ast-global-color-4)","background-image":"","background-repeat":"repeat","background-position":"center center","background-size":"auto","background-attachment":"scroll","background-type":"","background-media":"","overlay-type":"","overlay-color":"","overlay-opacity":"","overlay-gradient":""},"mobile":{"background-color":"var(--ast-global-color-4)","background-image":"","background-repeat":"repeat","background-position":"center center","background-size":"auto","background-attachment":"scroll","background-type":"","background-media":"","overlay-type":"","overlay-color":"","overlay-opacity":"","overlay-gradient":""}},"footnotes":""},"class_list":["post-847","page","type-page","status-publish","hentry"],"_links":{"self":[{"href":"https:\/\/fernandostahl.edu.pe\/home\/wp-json\/wp\/v2\/pages\/847","targetHints":{"allow":["GET"]}}],"collection":[{"href":"https:\/\/fernandostahl.edu.pe\/home\/wp-json\/wp\/v2\/pages"}],"about":[{"href":"https:\/\/fernandostahl.edu.pe\/home\/wp-json\/wp\/v2\/types\/page"}],"author":[{"embeddable":true,"href":"https:\/\/fernandostahl.edu.pe\/home\/wp-json\/wp\/v2\/users\/1"}],"replies":[{"embeddable":true,"href":"https:\/\/fernandostahl.edu.pe\/home\/wp-json\/wp\/v2\/comments?post=847"}],"version-history":[{"count":43,"href":"https:\/\/fernandostahl.edu.pe\/home\/wp-json\/wp\/v2\/pages\/847\/revisions"}],"predecessor-version":[{"id":2606,"href":"https:\/\/fernandostahl.edu.pe\/home\/wp-json\/wp\/v2\/pages\/847\/revisions\/2606"}],"wp:attachment":[{"href":"https:\/\/fernandostahl.edu.pe\/home\/wp-json\/wp\/v2\/media?parent=847"}],"curies":[{"name":"wp","href":"https:\/\/api.w.org\/{rel}","templated":true}]}}